{"id":21,"date":"2014-09-26T17:23:32","date_gmt":"2014-09-26T17:23:32","guid":{"rendered":"http:\/\/192.168.1.104\/enfold-photography\/?page_id=21"},"modified":"2021-11-03T11:19:58","modified_gmt":"2021-11-03T11:19:58","slug":"o-nama","status":"publish","type":"page","link":"https:\/\/www.il-design.hr\/?page_id=21","title":{"rendered":"O nama"},"content":{"rendered":"<div id='full_slider_1'  class='avia-fullwidth-slider main_color avia-shadow   avia-builder-el-0  el_before_av_layout_row  avia-builder-el-first   container_wrap fullsize'  ><div  class='avia-slideshow av-jj855-68980238bd99c44edd489685bcce4be8 avia-slideshow-featured_large av_slideshow_full avia-fade-slider av-slideshow-ui av-control-minimal av-slideshow-manual av-loop-once av-loop-manual-endless av-default-height-applied   avia-slideshow-1' data-slideshow-options=\"{&quot;animation&quot;:&quot;fade&quot;,&quot;autoplay&quot;:false,&quot;loop_autoplay&quot;:&quot;once&quot;,&quot;interval&quot;:5,&quot;loop_manual&quot;:&quot;manual-endless&quot;,&quot;autoplay_stopper&quot;:false,&quot;noNavigation&quot;:false,&quot;bg_slider&quot;:false,&quot;keep_padding&quot;:false,&quot;hoverpause&quot;:false,&quot;show_slide_delay&quot;:0}\"  itemprop=\"image\" itemscope=\"itemscope\" itemtype=\"https:\/\/schema.org\/ImageObject\" ><ul class='avia-slideshow-inner ' style='padding-bottom: 42%;'><li  class='avia-slideshow-slide av-jj855-68980238bd99c44edd489685bcce4be8__0  av-single-slide slide-1 slide-odd'><div data-rel='slideshow-1' class='avia-slide-wrap '   ><div class='av-slideshow-caption av-jj855-68980238bd99c44edd489685bcce4be8__0 caption_fullwidth caption_bottom'><div class=\"container caption_container\"><div class=\"slideshow_caption\"><div class=\"slideshow_inner_caption\"><div class=\"slideshow_align_caption\"><h2 class='avia-caption-title '  itemprop=\"name\" >IL Design<\/h2><\/div><\/div><\/div><\/div><\/div><img decoding=\"async\" fetchpriority=\"high\" class=\"wp-image-677 avia-img-lazy-loading-not-677\"  src=\"https:\/\/www.il-design.hr\/wp-content\/uploads\/2021\/10\/Evita9-1-1500x630.jpg\" width=\"1500\" height=\"630\" title='Soba za djevoj\u010dicu' alt='\u00a9 Copyright - IL Design'  itemprop=\"thumbnailUrl\"   \/><\/div><\/li><\/ul><\/div><\/div>\n<div id='av-layout-grid-1'  class='av-layout-grid-container av-hr8o5-6f9ea55e2edf0ce1b7509288f6332ad0 entry-content-wrapper main_color av-flex-cells  avia-builder-el-1  el_after_av_slideshow_full  el_before_av_section  grid-row-not-first  container_wrap fullsize'  >\n\n<style type=\"text\/css\" data-created_by=\"avia_inline_auto\" id=\"style-css-av-h90yl-a790355cdab8bbb483c60373b7875485\">\n.flex_cell.av-h90yl-a790355cdab8bbb483c60373b7875485{\nvertical-align:top;\n}\n.responsive #top #wrap_all .flex_cell.av-h90yl-a790355cdab8bbb483c60373b7875485{\npadding:30px 30px 30px 30px !important;\n}\n<\/style>\n<div class='flex_cell av-h90yl-a790355cdab8bbb483c60373b7875485 av-gridrow-cell av_one_third no_margin  avia-builder-el-2  el_before_av_cell_one_third  avia-builder-el-first '  ><div class='flex_cell_inner'><p>\n<style type=\"text\/css\" data-created_by=\"avia_inline_auto\" id=\"style-css-av-gbep5-61449ab0243946d3a7154503f93c2df6\">\n#top .av-special-heading.av-gbep5-61449ab0243946d3a7154503f93c2df6{\npadding-bottom:10px;\n}\nbody .av-special-heading.av-gbep5-61449ab0243946d3a7154503f93c2df6 .av-special-heading-tag .heading-char{\nfont-size:25px;\n}\n.av-special-heading.av-gbep5-61449ab0243946d3a7154503f93c2df6 .av-subheading{\nfont-size:15px;\n}\n<\/style>\n<div  class='av-special-heading av-gbep5-61449ab0243946d3a7154503f93c2df6 av-special-heading-h3  avia-builder-el-3  el_before_av_textblock  avia-builder-el-first '><h3 class='av-special-heading-tag'  itemprop=\"headline\"  >Tko smo <\/h3><div class=\"special-heading-border\"><div class=\"special-heading-inner-border\"><\/div><\/div><\/div><br \/>\n<section  class='av_textblock_section av-fz9nt-7d1bb8082ff513d71d951df992b5578a '   itemscope=\"itemscope\" itemtype=\"https:\/\/schema.org\/CreativeWork\" ><div class='avia_textblock'  itemprop=\"text\" ><p>IL Design stekao je ime u industriji za interijere koji su inteligentni, elegantni, dinami\u010dni i pro\u017eeti stra\u0161\u0107u i kreativno\u0161\u0107u. Na\u0161 studio za dizajn interijera je talentiran, prijateljski nastrojen, pristupa\u010dan i apsolutno predan postizanju najboljeg mogu\u0107eg dizajnerskog rje\u0161enja za svaki projekt, bilo da se radi o privatnoj rezidenciji, izlo\u017ebenom prostoru, hotelu, spa ili restoranskom okru\u017eenju.<\/p>\n<\/div><\/section><\/p>\n<\/div><\/div>\n<style type=\"text\/css\" data-created_by=\"avia_inline_auto\" id=\"style-css-av-fcy6t-57d571356bdd5f1306ee747ee8479cbf\">\n.flex_cell.av-fcy6t-57d571356bdd5f1306ee747ee8479cbf{\nvertical-align:top;\nbackground-color:#f7f7f7;\n}\n.responsive #top #wrap_all .flex_cell.av-fcy6t-57d571356bdd5f1306ee747ee8479cbf{\npadding:30px 30px 30px 30px !important;\n}\n<\/style>\n<div class='flex_cell av-fcy6t-57d571356bdd5f1306ee747ee8479cbf av-gridrow-cell av_one_third no_margin  avia-builder-el-5  el_after_av_cell_one_third  el_before_av_cell_one_third '  ><div class='flex_cell_inner'><p>\n<style type=\"text\/css\" data-created_by=\"avia_inline_auto\" id=\"style-css-av-etx8h-488c8d54f32c98c5d93d09218c4bab0d\">\n#top .av-special-heading.av-etx8h-488c8d54f32c98c5d93d09218c4bab0d{\npadding-bottom:10px;\n}\nbody .av-special-heading.av-etx8h-488c8d54f32c98c5d93d09218c4bab0d .av-special-heading-tag .heading-char{\nfont-size:25px;\n}\n.av-special-heading.av-etx8h-488c8d54f32c98c5d93d09218c4bab0d .av-subheading{\nfont-size:15px;\n}\n<\/style>\n<div  class='av-special-heading av-etx8h-488c8d54f32c98c5d93d09218c4bab0d av-special-heading-h3  avia-builder-el-6  el_before_av_textblock  avia-builder-el-first '><h3 class='av-special-heading-tag'  itemprop=\"headline\"  >Kako radimo<\/h3><div class=\"special-heading-border\"><div class=\"special-heading-inner-border\"><\/div><\/div><\/div><br \/>\n<section  class='av_textblock_section av-dy05t-a18abc327cb04d16264c7da3bc70c673 '   itemscope=\"itemscope\" itemtype=\"https:\/\/schema.org\/CreativeWork\" ><div class='avia_textblock'  itemprop=\"text\" ><p>Rade\u0107i s na\u0161im arhitektima interijera i dizajnerima interijera, na\u0161 dizajnerski tim namje\u0161taja, opreme i opreme (FF&amp;E) stvara sheme mekih zavr\u0161nih obrada i namje\u0161taja za svaki projekt s \u017eivotnim potrebama klijenta koji igraju klju\u010dnu ulogu u procesu dizajna i odabira svih komada. Uzimaju\u0107i ovaj holisti\u010dki pristup, na\u0161 tim ostaje vjeran na\u0161oj filozofiji dizajna &#8216;Pravi dizajn za \u017eivot&#8217; kako bi osigurao da se sve dizajnerske odluke donose u skladu ne samo s izgledom i dojmom cjelokupne sheme dizajna interijera, ve\u0107 i s individualnim potrebama klijenta, bilo da je rije\u010d o \u017eivotnim ili poslovnim odlukama.<\/p>\n<\/div><\/section><\/p>\n<\/div><\/div>\n<style type=\"text\/css\" data-created_by=\"avia_inline_auto\" id=\"style-css-av-dmec5-6269dba442dc6b25967268eae3fcee84\">\n.flex_cell.av-dmec5-6269dba442dc6b25967268eae3fcee84{\nvertical-align:top;\nbackground-color:#eaeaea;\n}\n.responsive #top #wrap_all .flex_cell.av-dmec5-6269dba442dc6b25967268eae3fcee84{\npadding:30px 30px 30px 30px !important;\n}\n<\/style>\n<div class='flex_cell av-dmec5-6269dba442dc6b25967268eae3fcee84 av-gridrow-cell av_one_third no_margin  avia-builder-el-8  el_after_av_cell_one_third  avia-builder-el-last '  ><div class='flex_cell_inner'><p>\n<style type=\"text\/css\" data-created_by=\"avia_inline_auto\" id=\"style-css-av-cl2l5-ef38743e0a2e0070a408b6a89b450770\">\n#top .av-special-heading.av-cl2l5-ef38743e0a2e0070a408b6a89b450770{\npadding-bottom:10px;\n}\nbody .av-special-heading.av-cl2l5-ef38743e0a2e0070a408b6a89b450770 .av-special-heading-tag .heading-char{\nfont-size:25px;\n}\n.av-special-heading.av-cl2l5-ef38743e0a2e0070a408b6a89b450770 .av-subheading{\nfont-size:15px;\n}\n<\/style>\n<div  class='av-special-heading av-cl2l5-ef38743e0a2e0070a408b6a89b450770 av-special-heading-h3  avia-builder-el-9  el_before_av_textblock  avia-builder-el-first '><h3 class='av-special-heading-tag'  itemprop=\"headline\"  >Kako osiguravamo kvalitetu<\/h3><div class=\"special-heading-border\"><div class=\"special-heading-inner-border\"><\/div><\/div><\/div><br \/>\n<section  class='av_textblock_section av-bzash-729156e0010e467b839e1f664946287e '   itemscope=\"itemscope\" itemtype=\"https:\/\/schema.org\/CreativeWork\" ><div class='avia_textblock'  itemprop=\"text\" ><p>Na\u0161i dizajneri i predani tim za nabavu pru\u017eaju najvi\u0161u razinu rje\u0161enja po mjeri, klju\u010d u ruke. Ruku pod ruku, to je dovelo do nevi\u0111enog uspjeha za agente, programere i dugogodi\u0161nje privatne klijente. Bilo da stvara projekte po narud\u017ebi za privatne klijente, aspirativne izlo\u017ebene ku\u0107e za komercijalne projekte ili butik hotele, IL Design nastoji isporu\u010diti interijere koji ne samo da izgledaju spektakularno, ve\u0107 i izvrsno funkcioniraju na dnevnoj razini.<\/p>\n<\/div><\/section><\/p>\n<\/div><\/div><\/div>\n<style type=\"text\/css\" data-created_by=\"avia_inline_auto\" id=\"style-css-av-bmuc1-6386b7ad7c3bc99919eb55a54fddf901\">\n.avia-section.av-bmuc1-6386b7ad7c3bc99919eb55a54fddf901{\nbackground-color:#770000;\nbackground-image:unset;\n}\n.avia-section.av-bmuc1-6386b7ad7c3bc99919eb55a54fddf901 .av-extra-border-element .av-extra-border-inner{\nbackground-color:#770000;\n}\n<\/style>\n<div id='av_section_1'  class='avia-section av-bmuc1-6386b7ad7c3bc99919eb55a54fddf901 main_color avia-section-default avia-no-border-styling  avia-builder-el-11  el_after_av_layout_row  el_before_av_layout_row  avia-bg-style-scroll av-arrow-down-section container_wrap fullsize'  ><div class='container av-section-cont-open' ><div class='template-page content  av-content-full alpha units'><div class='post-entry post-entry-type-page post-entry-21'><div class='entry-content-wrapper clearfix'>\n<div  class='flex_column av-asklh-1c90f27419b4c416492683254e00b590 av_one_fourth  avia-builder-el-12  el_before_av_one_fourth  avia-builder-el-first  first flex_column_div  '     ><div  class=\"avia-animated-number av-aby7t-dd034c3d36281a18e2e46d44495178fe av-force-default-color avia_animate_when_visible  avia-builder-el-13  avia-builder-el-no-sibling  avia-color-font-light \" data-timer=\"3000\"><strong class=\"heading avia-animated-number-title\"><span class=\"avia-single-number __av-single-number\" data-number_format=\"\" data-number=\"97\" data-start_from=\"0\">97<\/span><\/strong><div class=\"avia-animated-number-content\"><p>Sretnih klijenata<\/p>\n<\/div><\/div><\/div><div  class='flex_column av-a2ly9-70e07b1c69f7110b23e199e602f398e5 av_one_fourth  avia-builder-el-14  el_after_av_one_fourth  el_before_av_one_fourth  flex_column_div  '     ><div  class=\"avia-animated-number av-95oax-b1267a73db2b3a40ecb29b5499eae8d7 av-force-default-color avia_animate_when_visible  avia-builder-el-15  avia-builder-el-no-sibling  avia-color-font-light \" data-timer=\"3000\"><strong class=\"heading avia-animated-number-title\"><span class=\"avia-single-number __av-single-number\" data-number_format=\"\" data-number=\"12000\" data-start_from=\"0\">12000<\/span><\/strong><div class=\"avia-animated-number-content\"><p>Sati utro\u0161eno<\/p>\n<\/div><\/div><\/div><div  class='flex_column av-8s645-6fbb159d4a6ccd5d407bcdf2b99cd5c5 av_one_fourth  avia-builder-el-16  el_after_av_one_fourth  el_before_av_one_fourth  flex_column_div  '     ><div  class=\"avia-animated-number av-7ueol-491030dc264062b3182982f41767375e av-force-default-color avia_animate_when_visible  avia-builder-el-17  avia-builder-el-no-sibling  avia-color-font-light \" data-timer=\"3000\"><strong class=\"heading avia-animated-number-title\"><span class=\"avia-single-number __av-single-number\" data-number_format=\"\" data-number=\"654\" data-start_from=\"0\">654<\/span><\/strong><div class=\"avia-animated-number-content\"><p>Popijene kave<\/p>\n<\/div><\/div><\/div><div  class='flex_column av-qzxh-8575144c561e748e1825eb555cb34d2e av_one_fourth  avia-builder-el-18  el_after_av_one_fourth  avia-builder-el-last  flex_column_div  '     ><div  class=\"avia-animated-number av-6xn1x-679f0c74b924e82120a2c12dd9f9727c av-force-default-color avia_animate_when_visible  avia-builder-el-19  avia-builder-el-no-sibling  avia-color-font-light \" data-timer=\"3000\"><strong class=\"heading avia-animated-number-title\"><span class=\"avia-single-number __av-single-number\" data-number_format=\"\" data-number=\"214\" data-start_from=\"0\">214<\/span><\/strong><div class=\"avia-animated-number-content\"><p>Gotovih projekata<\/p>\n<\/div><\/div><\/div>\n<\/p>\n<\/div><\/div><\/div><!-- close content main div --><\/div><div class='av-extra-border-element border-extra-arrow-down'><div class='av-extra-border-outer'><div class='av-extra-border-inner'><\/div><\/div><\/div><\/div><div id='av-layout-grid-2'  class='av-layout-grid-container av-6isbx-f1ef8d933c31d83ae6a428dde29ba363 entry-content-wrapper main_color av-flex-cells  avia-builder-el-20  el_after_av_section  avia-builder-el-last  grid-row-not-first  container_wrap fullsize'  >\n\n<style type=\"text\/css\" data-created_by=\"avia_inline_auto\" id=\"style-css-av-kcqd-b0bfdb37a212ace38cbdc21e6d28f102\">\n.flex_cell.av-kcqd-b0bfdb37a212ace38cbdc21e6d28f102{\nvertical-align:top;\nheight:400px;\nmin-height:400px;\nbackground:url(https:\/\/www.il-design.hr\/wp-content\/uploads\/2021\/10\/Ema_3-1-1831x1030.jpg) 50% 50% no-repeat scroll ;\n}\n.responsive #top #wrap_all .flex_cell.av-kcqd-b0bfdb37a212ace38cbdc21e6d28f102{\npadding:30px 30px 30px 30px !important;\n}\n<\/style>\n<div class='flex_cell av-kcqd-b0bfdb37a212ace38cbdc21e6d28f102 av-gridrow-cell av_one_half no_margin  avia-builder-el-21  el_before_av_cell_one_half  avia-builder-el-first  avia-full-stretch'  ><div class='flex_cell_inner'><\/div><\/div>\n<style type=\"text\/css\" data-created_by=\"avia_inline_auto\" id=\"style-css-av-4upzh-b2eb449409439ee091c469a6cb80e362\">\n.flex_cell.av-4upzh-b2eb449409439ee091c469a6cb80e362{\nvertical-align:top;\nheight:400px;\nmin-height:400px;\nbackground:url(https:\/\/www.il-design.hr\/wp-content\/uploads\/2014\/08\/darkened_cloudy-hills-1030x686.jpg) 50% 50% no-repeat scroll ;\n}\n.responsive #top #wrap_all .flex_cell.av-4upzh-b2eb449409439ee091c469a6cb80e362{\npadding:30px 30px 30px 30px !important;\n}\n<\/style>\n<div class='flex_cell av-4upzh-b2eb449409439ee091c469a6cb80e362 av-gridrow-cell av_one_half no_margin  avia-builder-el-22  el_after_av_cell_one_half  avia-builder-el-last  avia-full-stretch'  ><div class='flex_cell_inner'><\/div><\/div>\n<\/div>\n","protected":false},"excerpt":{"rendered":"","protected":false},"author":1,"featured_media":0,"parent":0,"menu_order":0,"comment_status":"open","ping_status":"closed","template":"","meta":{"footnotes":""},"class_list":["post-21","page","type-page","status-publish","hentry"],"yoast_head":"<!-- This site is optimized with the Yoast SEO plugin v27.3 - https:\/\/yoast.com\/product\/yoast-seo-wordpress\/ -->\n<title>O nama<\/title>\n<meta name=\"description\" content=\"Na\u0161 studio za dizajn interijera je talentiran, prijateljski nastrojen, pristupa\u010dan i apsolutno predan postizanju najboljeg mogu\u0107eg dizajnerskog rje\u0161enja\" \/>\n<meta name=\"robots\" content=\"index, follow, max-snippet:-1, max-image-preview:large, max-video-preview:-1\" \/>\n<link rel=\"canonical\" href=\"https:\/\/www.il-design.hr\/?page_id=21\" \/>\n<meta property=\"og:locale\" content=\"hr_HR\" \/>\n<meta property=\"og:type\" content=\"article\" \/>\n<meta property=\"og:title\" content=\"O nama\" \/>\n<meta property=\"og:description\" content=\"Na\u0161 studio za dizajn interijera je talentiran, prijateljski nastrojen, pristupa\u010dan i apsolutno predan postizanju najboljeg mogu\u0107eg dizajnerskog rje\u0161enja\" \/>\n<meta property=\"og:url\" content=\"https:\/\/www.il-design.hr\/?page_id=21\" \/>\n<meta property=\"og:site_name\" content=\"IL Design d.o.o.\" \/>\n<meta property=\"article:modified_time\" content=\"2021-11-03T11:19:58+00:00\" \/>\n<meta name=\"twitter:card\" content=\"summary_large_image\" \/>\n<meta name=\"twitter:label1\" content=\"Procijenjeno vrijeme \u010ditanja\" \/>\n\t<meta name=\"twitter:data1\" content=\"9 minuta\" \/>\n<script type=\"application\/ld+json\" class=\"yoast-schema-graph\">{\"@context\":\"https:\\\/\\\/schema.org\",\"@graph\":[{\"@type\":\"WebPage\",\"@id\":\"https:\\\/\\\/www.il-design.hr\\\/?page_id=21\",\"url\":\"https:\\\/\\\/www.il-design.hr\\\/?page_id=21\",\"name\":\"O nama\",\"isPartOf\":{\"@id\":\"https:\\\/\\\/www.il-design.hr\\\/#website\"},\"datePublished\":\"2014-09-26T17:23:32+00:00\",\"dateModified\":\"2021-11-03T11:19:58+00:00\",\"description\":\"Na\u0161 studio za dizajn interijera je talentiran, prijateljski nastrojen, pristupa\u010dan i apsolutno predan postizanju najboljeg mogu\u0107eg dizajnerskog rje\u0161enja\",\"breadcrumb\":{\"@id\":\"https:\\\/\\\/www.il-design.hr\\\/?page_id=21#breadcrumb\"},\"inLanguage\":\"hr\",\"potentialAction\":[{\"@type\":\"ReadAction\",\"target\":[\"https:\\\/\\\/www.il-design.hr\\\/?page_id=21\"]}]},{\"@type\":\"BreadcrumbList\",\"@id\":\"https:\\\/\\\/www.il-design.hr\\\/?page_id=21#breadcrumb\",\"itemListElement\":[{\"@type\":\"ListItem\",\"position\":1,\"name\":\"Po\u010detna stranica\",\"item\":\"https:\\\/\\\/www.il-design.hr\\\/\"},{\"@type\":\"ListItem\",\"position\":2,\"name\":\"O nama\"}]},{\"@type\":\"WebSite\",\"@id\":\"https:\\\/\\\/www.il-design.hr\\\/#website\",\"url\":\"https:\\\/\\\/www.il-design.hr\\\/\",\"name\":\"IL Design d.o.o.\",\"description\":\"Dizajn interijera\",\"publisher\":{\"@id\":\"https:\\\/\\\/www.il-design.hr\\\/#organization\"},\"potentialAction\":[{\"@type\":\"SearchAction\",\"target\":{\"@type\":\"EntryPoint\",\"urlTemplate\":\"https:\\\/\\\/www.il-design.hr\\\/?s={search_term_string}\"},\"query-input\":{\"@type\":\"PropertyValueSpecification\",\"valueRequired\":true,\"valueName\":\"search_term_string\"}}],\"inLanguage\":\"hr\"},{\"@type\":\"Organization\",\"@id\":\"https:\\\/\\\/www.il-design.hr\\\/#organization\",\"name\":\"IL Design\",\"url\":\"https:\\\/\\\/www.il-design.hr\\\/\",\"logo\":{\"@type\":\"ImageObject\",\"inLanguage\":\"hr\",\"@id\":\"https:\\\/\\\/www.il-design.hr\\\/#\\\/schema\\\/logo\\\/image\\\/\",\"url\":\"https:\\\/\\\/www.il-design.hr\\\/wp-content\\\/uploads\\\/2021\\\/10\\\/2021-10-27_162843.jpg\",\"contentUrl\":\"https:\\\/\\\/www.il-design.hr\\\/wp-content\\\/uploads\\\/2021\\\/10\\\/2021-10-27_162843.jpg\",\"width\":638,\"height\":707,\"caption\":\"IL Design\"},\"image\":{\"@id\":\"https:\\\/\\\/www.il-design.hr\\\/#\\\/schema\\\/logo\\\/image\\\/\"},\"sameAs\":[\"https:\\\/\\\/www.instagram.com\\\/il_modern_designer\\\/\"]}]}<\/script>\n<!-- \/ Yoast SEO plugin. -->","yoast_head_json":{"title":"O nama","description":"Na\u0161 studio za dizajn interijera je talentiran, prijateljski nastrojen, pristupa\u010dan i apsolutno predan postizanju najboljeg mogu\u0107eg dizajnerskog rje\u0161enja","robots":{"index":"index","follow":"follow","max-snippet":"max-snippet:-1","max-image-preview":"max-image-preview:large","max-video-preview":"max-video-preview:-1"},"canonical":"https:\/\/www.il-design.hr\/?page_id=21","og_locale":"hr_HR","og_type":"article","og_title":"O nama","og_description":"Na\u0161 studio za dizajn interijera je talentiran, prijateljski nastrojen, pristupa\u010dan i apsolutno predan postizanju najboljeg mogu\u0107eg dizajnerskog rje\u0161enja","og_url":"https:\/\/www.il-design.hr\/?page_id=21","og_site_name":"IL Design d.o.o.","article_modified_time":"2021-11-03T11:19:58+00:00","twitter_card":"summary_large_image","twitter_misc":{"Procijenjeno vrijeme \u010ditanja":"9 minuta"},"schema":{"@context":"https:\/\/schema.org","@graph":[{"@type":"WebPage","@id":"https:\/\/www.il-design.hr\/?page_id=21","url":"https:\/\/www.il-design.hr\/?page_id=21","name":"O nama","isPartOf":{"@id":"https:\/\/www.il-design.hr\/#website"},"datePublished":"2014-09-26T17:23:32+00:00","dateModified":"2021-11-03T11:19:58+00:00","description":"Na\u0161 studio za dizajn interijera je talentiran, prijateljski nastrojen, pristupa\u010dan i apsolutno predan postizanju najboljeg mogu\u0107eg dizajnerskog rje\u0161enja","breadcrumb":{"@id":"https:\/\/www.il-design.hr\/?page_id=21#breadcrumb"},"inLanguage":"hr","potentialAction":[{"@type":"ReadAction","target":["https:\/\/www.il-design.hr\/?page_id=21"]}]},{"@type":"BreadcrumbList","@id":"https:\/\/www.il-design.hr\/?page_id=21#breadcrumb","itemListElement":[{"@type":"ListItem","position":1,"name":"Po\u010detna stranica","item":"https:\/\/www.il-design.hr\/"},{"@type":"ListItem","position":2,"name":"O nama"}]},{"@type":"WebSite","@id":"https:\/\/www.il-design.hr\/#website","url":"https:\/\/www.il-design.hr\/","name":"IL Design d.o.o.","description":"Dizajn interijera","publisher":{"@id":"https:\/\/www.il-design.hr\/#organization"},"potentialAction":[{"@type":"SearchAction","target":{"@type":"EntryPoint","urlTemplate":"https:\/\/www.il-design.hr\/?s={search_term_string}"},"query-input":{"@type":"PropertyValueSpecification","valueRequired":true,"valueName":"search_term_string"}}],"inLanguage":"hr"},{"@type":"Organization","@id":"https:\/\/www.il-design.hr\/#organization","name":"IL Design","url":"https:\/\/www.il-design.hr\/","logo":{"@type":"ImageObject","inLanguage":"hr","@id":"https:\/\/www.il-design.hr\/#\/schema\/logo\/image\/","url":"https:\/\/www.il-design.hr\/wp-content\/uploads\/2021\/10\/2021-10-27_162843.jpg","contentUrl":"https:\/\/www.il-design.hr\/wp-content\/uploads\/2021\/10\/2021-10-27_162843.jpg","width":638,"height":707,"caption":"IL Design"},"image":{"@id":"https:\/\/www.il-design.hr\/#\/schema\/logo\/image\/"},"sameAs":["https:\/\/www.instagram.com\/il_modern_designer\/"]}]}},"lang":"hr","translations":{"hr":21},"jetpack_sharing_enabled":true,"pll_sync_post":[],"_links":{"self":[{"href":"https:\/\/www.il-design.hr\/index.php?rest_route=\/wp\/v2\/pages\/21","targetHints":{"allow":["GET"]}}],"collection":[{"href":"https:\/\/www.il-design.hr\/index.php?rest_route=\/wp\/v2\/pages"}],"about":[{"href":"https:\/\/www.il-design.hr\/index.php?rest_route=\/wp\/v2\/types\/page"}],"author":[{"embeddable":true,"href":"https:\/\/www.il-design.hr\/index.php?rest_route=\/wp\/v2\/users\/1"}],"replies":[{"embeddable":true,"href":"https:\/\/www.il-design.hr\/index.php?rest_route=%2Fwp%2Fv2%2Fcomments&post=21"}],"version-history":[{"count":14,"href":"https:\/\/www.il-design.hr\/index.php?rest_route=\/wp\/v2\/pages\/21\/revisions"}],"predecessor-version":[{"id":844,"href":"https:\/\/www.il-design.hr\/index.php?rest_route=\/wp\/v2\/pages\/21\/revisions\/844"}],"wp:attachment":[{"href":"https:\/\/www.il-design.hr\/index.php?rest_route=%2Fwp%2Fv2%2Fmedia&parent=21"}],"curies":[{"name":"wp","href":"https:\/\/api.w.org\/{rel}","templated":true}]}}