{"id":23,"date":"2014-09-26T17:23:42","date_gmt":"2014-09-26T17:23:42","guid":{"rendered":"http:\/\/192.168.1.104\/enfold-photography\/?page_id=23"},"modified":"2022-10-28T15:42:38","modified_gmt":"2022-10-28T15:42:38","slug":"kontakt","status":"publish","type":"page","link":"https:\/\/www.il-design.hr\/?page_id=23","title":{"rendered":"Kontakt"},"content":{"rendered":"<div  class='av_gmaps_sc_main_wrap av_gmaps_main_wrap '><div id='av_gmap_0' class='avia-google-map-container avia-google-map-sc av_gmaps_show_unconditionally av-no-fallback-img ' data-mapid='av_gmap_0'  style='padding-bottom: 50%;'><a class=\"av_gmaps_browser_disabled av_text_confirm_link av_text_confirm_link_visible\" href=\"https:\/\/www.google.com\/maps\/search\/?api=1&#038;query=Ulica%20grada%20vukovara%20269d%2010000%20Zagreb%20Zagreb%20Croatia\" target=\"_blank\" rel=\"noopener\">Karte je onemogu\u0107io posjetitelj na ovoj stranici. Klikom otvorite kartu u novom prozoru.<\/a><\/div><\/div>\n<div id='av-layout-grid-1'  class='av-layout-grid-container av-823jb-c09fd93675be269275e3c051de9d678f entry-content-wrapper main_color av-flex-cells  avia-builder-el-1  el_after_av_google_map  avia-builder-el-last  grid-row-not-first  container_wrap fullsize'  >\n\n<style type=\"text\/css\" data-created_by=\"avia_inline_auto\" id=\"style-css-av-7pjon-14106ee705030eaf5904d3ecaaaf6cc5\">\n.flex_cell.av-7pjon-14106ee705030eaf5904d3ecaaaf6cc5{\nvertical-align:top;\n}\n.responsive #top #wrap_all .flex_cell.av-7pjon-14106ee705030eaf5904d3ecaaaf6cc5{\npadding:30px 30px 30px 30px !important;\n}\n<\/style>\n<div class='flex_cell av-7pjon-14106ee705030eaf5904d3ecaaaf6cc5 av-gridrow-cell av_one_half no_margin  avia-builder-el-2  el_before_av_cell_one_half  avia-builder-el-first '  ><div class='flex_cell_inner'><p>\n<style type=\"text\/css\" data-created_by=\"avia_inline_auto\" id=\"style-css-av-72ct3-c16fd75f1b43bdbb1d9330bb013129d5\">\n#top .av-special-heading.av-72ct3-c16fd75f1b43bdbb1d9330bb013129d5{\npadding-bottom:10px;\n}\nbody .av-special-heading.av-72ct3-c16fd75f1b43bdbb1d9330bb013129d5 .av-special-heading-tag .heading-char{\nfont-size:25px;\n}\n.av-special-heading.av-72ct3-c16fd75f1b43bdbb1d9330bb013129d5 .av-subheading{\nfont-size:15px;\n}\n<\/style>\n<div  class='av-special-heading av-72ct3-c16fd75f1b43bdbb1d9330bb013129d5 av-special-heading-h3  avia-builder-el-3  el_before_av_contact  avia-builder-el-first '><h3 class='av-special-heading-tag'  itemprop=\"headline\"  >Kontakt formular<\/h3><div class=\"special-heading-border\"><div class=\"special-heading-inner-border\"><\/div><\/div><\/div><br \/>\n<form action=\"https:\/\/www.il-design.hr\/?page_id=23\" method=\"post\" data-fields-with-error=\"Prona\u0111ene su pogre\u0161ke u sljede\u0107im poljima:\" class=\"avia_ajax_form av-form-labels-visible   avia-builder-el-4  el_after_av_heading  avia-builder-el-last   \" data-avia-form-id=\"1\" data-avia-redirect='' ><fieldset><p class='  first_form  form_element form_element_half' id='element_avia_1_1'><label for=\"avia_1_1\">Va\u0161e ime <abbr class=\"required\" title=\"potreban\">*<\/abbr><\/label> <input name=\"avia_1_1\" class=\"text_input is_empty\" type=\"text\" id=\"avia_1_1\" value=\"\" \/><\/p><p class='  form_element form_element_half' id='element_avia_2_1'><label for=\"avia_2_1\">E-Mail <abbr class=\"required\" title=\"potreban\">*<\/abbr><\/label> <input name=\"avia_2_1\" class=\"text_input is_email\" type=\"text\" id=\"avia_2_1\" value=\"\" \/><\/p><p class='  first_form  form_element form_fullwidth' id='element_avia_3_1'><label for=\"avia_3_1\">Naslov <abbr class=\"required\" title=\"potreban\">*<\/abbr><\/label> <input name=\"avia_3_1\" class=\"text_input is_empty\" type=\"text\" id=\"avia_3_1\" value=\"\" \/><\/p><p class='  first_form  form_element form_fullwidth av-last-visible-form-element' id='element_avia_4_1'><label for=\"avia_4_1\" class=\"textare_label hidden textare_label_avia_4_1\">Va\u0161a poruka <abbr class=\"required\" title=\"potreban\">*<\/abbr><\/label><textarea  name=\"avia_4_1\" class=\"text_area is_empty\" cols=\"40\" rows=\"7\" id=\"avia_4_1\" ><\/textarea><\/p><p class=\"hidden\"><input type=\"text\" name=\"avia_5_1\" class=\"hidden \" id=\"avia_5_1\" value=\"\" \/><\/p><p class=\"form_element \"><input type=\"hidden\" value=\"1\" name=\"avia_generated_form1\" \/><input type=\"submit\" value=\"Po\u0161alji\" class=\"button\"  data-sending-label=\"Slanje\"\/><\/p><\/fieldset><\/form><div id=\"ajaxresponse_1\" class=\"ajaxresponse ajaxresponse_1 hidden\"><\/div><\/p>\n<\/div><\/div>\n<style type=\"text\/css\" data-created_by=\"avia_inline_auto\" id=\"style-css-av-3df2z-4ad906d67a1052436a76b389b46d8474\">\n.flex_cell.av-3df2z-4ad906d67a1052436a76b389b46d8474{\nvertical-align:top;\n}\n.responsive #top #wrap_all .flex_cell.av-3df2z-4ad906d67a1052436a76b389b46d8474{\npadding:30px 30px 30px 30px !important;\n}\n<\/style>\n<div class='flex_cell av-3df2z-4ad906d67a1052436a76b389b46d8474 av-gridrow-cell av_one_half no_margin  avia-builder-el-5  el_after_av_cell_one_half  avia-builder-el-last '  ><div class='flex_cell_inner'><p>\n<style type=\"text\/css\" data-created_by=\"avia_inline_auto\" id=\"style-css-av-2j6nn-e68a4c7220928efbfbc3fd21eeb88a63\">\n#top .av-special-heading.av-2j6nn-e68a4c7220928efbfbc3fd21eeb88a63{\npadding-bottom:10px;\n}\nbody .av-special-heading.av-2j6nn-e68a4c7220928efbfbc3fd21eeb88a63 .av-special-heading-tag .heading-char{\nfont-size:25px;\n}\n.av-special-heading.av-2j6nn-e68a4c7220928efbfbc3fd21eeb88a63 .av-subheading{\nfont-size:15px;\n}\n<\/style>\n<div  class='av-special-heading av-2j6nn-e68a4c7220928efbfbc3fd21eeb88a63 av-special-heading-h3  avia-builder-el-6  el_before_av_textblock  avia-builder-el-first '><h3 class='av-special-heading-tag'  itemprop=\"headline\"  >Nazovite nas<\/h3><div class=\"special-heading-border\"><div class=\"special-heading-inner-border\"><\/div><\/div><\/div><br \/>\n<section  class='av_textblock_section av-1x4fz-42f8c1cd44a4ee68af01e30929cf358c '   itemscope=\"itemscope\" itemtype=\"https:\/\/schema.org\/CreativeWork\" ><div class='avia_textblock'  itemprop=\"text\" ><p><strong>IL Design d.o.o.<br \/>\nE-Mail: <\/strong><a href=\"mailto:info@il-design.hr\">info@il-design.hr<\/a><br \/>\n<strong>Adresa:<\/strong> Ulica grada Vukovara 269d\/2, 10 000<br \/>\n<strong>Mob:<\/strong> +385 98 9619684<\/p>\n<\/div><\/section><\/p>\n<\/div><\/div>\n<\/div>\n","protected":false},"excerpt":{"rendered":"","protected":false},"author":1,"featured_media":0,"parent":0,"menu_order":0,"comment_status":"open","ping_status":"closed","template":"","meta":{"footnotes":""},"class_list":["post-23","page","type-page","status-publish","hentry"],"yoast_head":"<!-- This site is optimized with the Yoast SEO plugin v27.3 - https:\/\/yoast.com\/product\/yoast-seo-wordpress\/ -->\n<title>Kontaktirajte IL Design<\/title>\n<meta name=\"robots\" content=\"index, follow, max-snippet:-1, max-image-preview:large, max-video-preview:-1\" \/>\n<link rel=\"canonical\" href=\"https:\/\/www.il-design.hr\/?page_id=23\" \/>\n<meta property=\"og:locale\" content=\"hr_HR\" \/>\n<meta property=\"og:type\" content=\"article\" \/>\n<meta property=\"og:title\" content=\"Kontaktirajte IL Design\" \/>\n<meta property=\"og:url\" content=\"https:\/\/www.il-design.hr\/?page_id=23\" \/>\n<meta property=\"og:site_name\" content=\"IL Design d.o.o.\" \/>\n<meta property=\"article:modified_time\" content=\"2022-10-28T15:42:38+00:00\" \/>\n<meta name=\"twitter:card\" content=\"summary_large_image\" \/>\n<meta name=\"twitter:label1\" content=\"Procijenjeno vrijeme \u010ditanja\" \/>\n\t<meta name=\"twitter:data1\" content=\"2 minute\" \/>\n<script type=\"application\/ld+json\" class=\"yoast-schema-graph\">{\"@context\":\"https:\\\/\\\/schema.org\",\"@graph\":[{\"@type\":\"WebPage\",\"@id\":\"https:\\\/\\\/www.il-design.hr\\\/?page_id=23\",\"url\":\"https:\\\/\\\/www.il-design.hr\\\/?page_id=23\",\"name\":\"Kontaktirajte IL Design\",\"isPartOf\":{\"@id\":\"https:\\\/\\\/www.il-design.hr\\\/#website\"},\"datePublished\":\"2014-09-26T17:23:42+00:00\",\"dateModified\":\"2022-10-28T15:42:38+00:00\",\"breadcrumb\":{\"@id\":\"https:\\\/\\\/www.il-design.hr\\\/?page_id=23#breadcrumb\"},\"inLanguage\":\"hr\",\"potentialAction\":[{\"@type\":\"ReadAction\",\"target\":[\"https:\\\/\\\/www.il-design.hr\\\/?page_id=23\"]}]},{\"@type\":\"BreadcrumbList\",\"@id\":\"https:\\\/\\\/www.il-design.hr\\\/?page_id=23#breadcrumb\",\"itemListElement\":[{\"@type\":\"ListItem\",\"position\":1,\"name\":\"Po\u010detna stranica\",\"item\":\"https:\\\/\\\/www.il-design.hr\\\/\"},{\"@type\":\"ListItem\",\"position\":2,\"name\":\"Kontakt\"}]},{\"@type\":\"WebSite\",\"@id\":\"https:\\\/\\\/www.il-design.hr\\\/#website\",\"url\":\"https:\\\/\\\/www.il-design.hr\\\/\",\"name\":\"IL Design d.o.o.\",\"description\":\"Dizajn interijera\",\"publisher\":{\"@id\":\"https:\\\/\\\/www.il-design.hr\\\/#organization\"},\"potentialAction\":[{\"@type\":\"SearchAction\",\"target\":{\"@type\":\"EntryPoint\",\"urlTemplate\":\"https:\\\/\\\/www.il-design.hr\\\/?s={search_term_string}\"},\"query-input\":{\"@type\":\"PropertyValueSpecification\",\"valueRequired\":true,\"valueName\":\"search_term_string\"}}],\"inLanguage\":\"hr\"},{\"@type\":\"Organization\",\"@id\":\"https:\\\/\\\/www.il-design.hr\\\/#organization\",\"name\":\"IL Design\",\"url\":\"https:\\\/\\\/www.il-design.hr\\\/\",\"logo\":{\"@type\":\"ImageObject\",\"inLanguage\":\"hr\",\"@id\":\"https:\\\/\\\/www.il-design.hr\\\/#\\\/schema\\\/logo\\\/image\\\/\",\"url\":\"https:\\\/\\\/www.il-design.hr\\\/wp-content\\\/uploads\\\/2021\\\/10\\\/2021-10-27_162843.jpg\",\"contentUrl\":\"https:\\\/\\\/www.il-design.hr\\\/wp-content\\\/uploads\\\/2021\\\/10\\\/2021-10-27_162843.jpg\",\"width\":638,\"height\":707,\"caption\":\"IL Design\"},\"image\":{\"@id\":\"https:\\\/\\\/www.il-design.hr\\\/#\\\/schema\\\/logo\\\/image\\\/\"},\"sameAs\":[\"https:\\\/\\\/www.instagram.com\\\/il_modern_designer\\\/\"]}]}<\/script>\n<!-- \/ Yoast SEO plugin. -->","yoast_head_json":{"title":"Kontaktirajte IL Design","robots":{"index":"index","follow":"follow","max-snippet":"max-snippet:-1","max-image-preview":"max-image-preview:large","max-video-preview":"max-video-preview:-1"},"canonical":"https:\/\/www.il-design.hr\/?page_id=23","og_locale":"hr_HR","og_type":"article","og_title":"Kontaktirajte IL Design","og_url":"https:\/\/www.il-design.hr\/?page_id=23","og_site_name":"IL Design d.o.o.","article_modified_time":"2022-10-28T15:42:38+00:00","twitter_card":"summary_large_image","twitter_misc":{"Procijenjeno vrijeme \u010ditanja":"2 minute"},"schema":{"@context":"https:\/\/schema.org","@graph":[{"@type":"WebPage","@id":"https:\/\/www.il-design.hr\/?page_id=23","url":"https:\/\/www.il-design.hr\/?page_id=23","name":"Kontaktirajte IL Design","isPartOf":{"@id":"https:\/\/www.il-design.hr\/#website"},"datePublished":"2014-09-26T17:23:42+00:00","dateModified":"2022-10-28T15:42:38+00:00","breadcrumb":{"@id":"https:\/\/www.il-design.hr\/?page_id=23#breadcrumb"},"inLanguage":"hr","potentialAction":[{"@type":"ReadAction","target":["https:\/\/www.il-design.hr\/?page_id=23"]}]},{"@type":"BreadcrumbList","@id":"https:\/\/www.il-design.hr\/?page_id=23#breadcrumb","itemListElement":[{"@type":"ListItem","position":1,"name":"Po\u010detna stranica","item":"https:\/\/www.il-design.hr\/"},{"@type":"ListItem","position":2,"name":"Kontakt"}]},{"@type":"WebSite","@id":"https:\/\/www.il-design.hr\/#website","url":"https:\/\/www.il-design.hr\/","name":"IL Design d.o.o.","description":"Dizajn interijera","publisher":{"@id":"https:\/\/www.il-design.hr\/#organization"},"potentialAction":[{"@type":"SearchAction","target":{"@type":"EntryPoint","urlTemplate":"https:\/\/www.il-design.hr\/?s={search_term_string}"},"query-input":{"@type":"PropertyValueSpecification","valueRequired":true,"valueName":"search_term_string"}}],"inLanguage":"hr"},{"@type":"Organization","@id":"https:\/\/www.il-design.hr\/#organization","name":"IL Design","url":"https:\/\/www.il-design.hr\/","logo":{"@type":"ImageObject","inLanguage":"hr","@id":"https:\/\/www.il-design.hr\/#\/schema\/logo\/image\/","url":"https:\/\/www.il-design.hr\/wp-content\/uploads\/2021\/10\/2021-10-27_162843.jpg","contentUrl":"https:\/\/www.il-design.hr\/wp-content\/uploads\/2021\/10\/2021-10-27_162843.jpg","width":638,"height":707,"caption":"IL Design"},"image":{"@id":"https:\/\/www.il-design.hr\/#\/schema\/logo\/image\/"},"sameAs":["https:\/\/www.instagram.com\/il_modern_designer\/"]}]}},"lang":"hr","translations":{"hr":23,"en":764},"jetpack_sharing_enabled":true,"pll_sync_post":[],"_links":{"self":[{"href":"https:\/\/www.il-design.hr\/index.php?rest_route=\/wp\/v2\/pages\/23","targetHints":{"allow":["GET"]}}],"collection":[{"href":"https:\/\/www.il-design.hr\/index.php?rest_route=\/wp\/v2\/pages"}],"about":[{"href":"https:\/\/www.il-design.hr\/index.php?rest_route=\/wp\/v2\/types\/page"}],"author":[{"embeddable":true,"href":"https:\/\/www.il-design.hr\/index.php?rest_route=\/wp\/v2\/users\/1"}],"replies":[{"embeddable":true,"href":"https:\/\/www.il-design.hr\/index.php?rest_route=%2Fwp%2Fv2%2Fcomments&post=23"}],"version-history":[{"count":14,"href":"https:\/\/www.il-design.hr\/index.php?rest_route=\/wp\/v2\/pages\/23\/revisions"}],"predecessor-version":[{"id":1011,"href":"https:\/\/www.il-design.hr\/index.php?rest_route=\/wp\/v2\/pages\/23\/revisions\/1011"}],"wp:attachment":[{"href":"https:\/\/www.il-design.hr\/index.php?rest_route=%2Fwp%2Fv2%2Fmedia&parent=23"}],"curies":[{"name":"wp","href":"https:\/\/api.w.org\/{rel}","templated":true}]}}